{"id":776,"date":"2025-06-13T12:55:06","date_gmt":"2025-06-13T10:55:06","guid":{"rendered":"http:\/\/www.fabregaspodolegs.cat\/aviso-legal"},"modified":"2025-08-18T13:44:32","modified_gmt":"2025-08-18T11:44:32","slug":"aviso-legal","status":"publish","type":"page","link":"https:\/\/www.fabregaspodolegs.cat\/es\/aviso-legal","title":{"rendered":"Aviso legal"},"content":{"rendered":"\n<h2 class=\"wp-block-heading\">DATOS IDENTIFICATIVOS:<\/h2>\n\n<p>En cumplimiento con el deber de informaci\u00f3n recogido en el art\u00edculo 10 de la Ley 34\/2002, de 11 de Julio, de Servicios de la Sociedad de la Informaci\u00f3n y del Comercio Electr\u00f3nico, a continuaci\u00f3n se reflejan los siguientes datos: la empresa titular de esta web es <strong>MELLADO FABREGAS, EDUARD<\/strong>, en adelante <strong>EL TITULAR<\/strong> con domicilio en CL PAR2 provincia de BARCELONA y con n\u00famero de C.I.F: 52160859X, debidamente inscrita en el correspondiente Registro Mercantil.<\/p>\n\n<h2 class=\"wp-block-heading\">I.- USUARIOS:<\/h2>\n\n<p>El acceso y\/o uso a esta p\u00e1gina web atribuye a quien lo realiza la condici\u00f3n de usuario, aceptando desde ese mismo momento, plenamente y sin reserva alguna, las presentes condiciones generales, as\u00ed como las condiciones particulares que, en su caso, complementen, modifiquen o sustituyan las condiciones generales en relaci\u00f3n con determinados servicios y contenidos del sitio web.<\/p>\n\n<h2 class=\"wp-block-heading\">II.- USO DEL SITIO WEB, SUS SERVICIOS Y CONTENIDOS:<\/h2>\n\n<p>El usuario se compromete a utilizar el sitio Web y sus servicios y contenidos sin contravenir la legislaci\u00f3n vigente, la buena fe, los usos generalmente aceptados y el orden p\u00fablico. Asimismo, queda prohibido, el uso de la Web con fines il\u00edcitos o lesivos contra EL TITULAR o cualquier tercero; o que, de cualquier forma, puedan causar perjuicio o impedir el normal funcionamiento del sitio Web.<\/p>\n\n<p>Respecto a los contenidos (informaciones, textos, gr\u00e1ficos, archivos de sonido y\/o de imagen, fotograf\u00edas, dise\u00f1os, etc.), se proh\u00edbe:<\/p>\n\n<ul class=\"wp-block-list\">\n<li>Su reproducci\u00f3n, distribuci\u00f3n o modificaci\u00f3n, salvo que se tenga la autorizaci\u00f3n de sus leg\u00edtimos titulares o resulte legalmente permitido.<\/li>\n\n\n\n<li>Cualquier vulneraci\u00f3n de los derechos de EL TITULAR o de sus leg\u00edtimos titulares sobre los mismos.<\/li>\n\n\n\n<li>Su utilizaci\u00f3n para todo tipo de fines comerciales o publicitarios, distintos de los estrictamente permitidos.<\/li>\n\n\n\n<li>Cualquier intento de obtener los contenidos del sitio Web por cualquier medio distintos a los que se pongan a disposici\u00f3n de los usuarios as\u00ed como de los que habitualmente se utilicen en la red, siempre que \u00e9stos no causen perjuicio al sitio Web de EL TITULAR<\/li>\n<\/ul>\n\n<h2 class=\"wp-block-heading\">III.- MODIFICACI\u00d3N UNILATERAL:<\/h2>\n\n<p>EL TITULAR podr\u00e1 modificar unilateralmente y sin previo aviso, siempre que lo considere oportuno, la estructura y dise\u00f1o del sitio Web, as\u00ed como modificar o eliminar los servicios, contenidos y condiciones de acceso y\/o de uso del sitio Web.<\/p>\n\n<h2 class=\"wp-block-heading\">IV.- HIPERENLACES:<\/h2>\n\n<p>El establecimiento de cualquier \u201chiperenlace\u201d entre una p\u00e1gina web y cualquiera de las p\u00e1ginas web del sitio Web de EL TITULAR estar\u00e1 sometido a las siguientes condiciones:<\/p>\n\n<ul class=\"wp-block-list\">\n<li>No se permite la reproducci\u00f3n ni total ni parcial de ninguno de los servicios ni contenidos del sitio Web de EL TITULAR<\/li>\n\n\n\n<li>Cualquier vulneraci\u00f3n de los derechos de EL TITULAR o de sus leg\u00edtimos titulares sobre los mismos.<\/li>\n\n\n\n<li>La p\u00e1gina web en la que se establezca el hiperenlace no contendr\u00e1 ninguna marca, nombre comercial, r\u00f3tulo de establecimiento, denominaci\u00f3n, logotipo, eslogan u otros signos distintivos pertenecientes a EL TITULAR.<\/li>\n\n\n\n<li>Bajo ninguna circunstancia, EL TITULAR ser\u00e1 responsable de los contenidos o servicios puestos a disposici\u00f3n del p\u00fablico en la p\u00e1gina web desde la que se realice el \u201chiperenlace\u201d, ni de las informaciones y manifestaciones incluidas en las mismas.<\/li>\n<\/ul>\n\n<h2 class=\"wp-block-heading\">V. EXCLUSI\u00d3N DE GARANT\u00cdAS Y RESPONSABILIDAD:<\/h2>\n\n<p>EL TITULAR no otorga ninguna garant\u00eda ni se hace responsable, en ning\u00fan caso, de los da\u00f1os y perjuicios de cualquier naturaleza que pudieran llevar causa de:<\/p>\n\n<ul class=\"wp-block-list\">\n<li>La falta de disponibilidad, mantenimiento y efectivo funcionamiento de la Web y\/o de sus servicios o contenidos.<\/li>\n\n\n\n<li>La falta de utilidad, adecuaci\u00f3n o validez de la Web y\/o de sus servicios o contenidos para satisfacer necesidades, actividades o resultados concretos o expectativas de los usuarios.<\/li>\n\n\n\n<li>La existencia de virus, programas maliciosos o lesivos en sus contenidos.<\/li>\n\n\n\n<li>La recepci\u00f3n, obtenci\u00f3n, almacenamiento, difusi\u00f3n o transmisi\u00f3n por parte de los usuarios de los contenidos.<\/li>\n\n\n\n<li>El uso il\u00edcito, negligente, fraudulento, contrario a las presentes Condiciones Generales, a la buena fe, a los usos generalmente aceptados o al orden p\u00fablico, del sitio Web, sus servicios o contenidos, por parte de los usuarios.<\/li>\n\n\n\n<li>La falta de licitud, calidad, fiabilidad, utilidad y disponibilidad de los servicios prestados por terceros y sitios que est\u00e9n a disposici\u00f3n de los usuarios en el sitio Web.<\/li>\n\n\n\n<li>El incumplimiento por parte de terceros de sus obligaciones o compromisos en relaci\u00f3n a los servicios prestados a los usuarios a trav\u00e9s del sitio Web.<\/li>\n<\/ul>\n\n<h2 class=\"wp-block-heading\">VI. DURACI\u00d3N:<\/h2>\n\n<p>La duraci\u00f3n de la prestaci\u00f3n del servicio del sitio Web y de los servicios que se prestan es de car\u00e1cter indefinido. Sin perjuicio de lo anterior, EL TITULAR se reserva el derecho de interrumpir, suspender o terminar la prestaci\u00f3n del servicio de la Web o de cualquiera de los servicios que lo integran, en los mismos t\u00e9rminos que se recogen en la condici\u00f3n tercera.<\/p>\n\n<h2 class=\"wp-block-heading\">VII. PROPIEDAD INTELECTUAL:<\/h2>\n\n<p>A efectos de preservar los posibles derechos de propiedad intelectual, en caso de que cualquier usuario o un tercero considere que se ha producido una violaci\u00f3n de sus leg\u00edtimos derechos por la introducci\u00f3n de un determinado contenido en la Web, deber\u00e1 notificar esta circunstancia a EL TITULAR indicando:<\/p>\n\n<ul class=\"wp-block-list\">\n<li>Datos personales del interesado titular de los derechos presuntamente infringidos. Si la reclamaci\u00f3n la presenta un tercero distinto del interesado, deber\u00e1 indicar la representaci\u00f3n con la que act\u00faa.<\/li>\n\n\n\n<li>Indicaci\u00f3n de los contenidos protegidos por los derechos de propiedad intelectual y su ubicaci\u00f3n en la Web.<\/li>\n\n\n\n<li>Acreditaci\u00f3n de dichos derechos de propiedad intelectual.<\/li>\n\n\n\n<li>Declaraci\u00f3n expresa en la que el interesado se responsabiliza de la veracidad de las informaciones facilitadas en la notificaci\u00f3n.<\/li>\n<\/ul>\n\n<p>La marca EL TITULAR y las correspondientes marcas gr\u00e1ficas son todas ellas marcas registradas y queda prohibida su reproducci\u00f3n o uso sin la autorizaci\u00f3n de su titular. La legitimidad de los derechos de propiedad intelectual o industrial correspondientes a los contenidos aportados por terceros es de la exclusiva responsabilidad de los mismos.<\/p>\n\n<h2 class=\"wp-block-heading\">VIII. LEGISLACI\u00d3N APLICABLE Y JURISDICCI\u00d3N:<\/h2>\n\n<p>Las presentes Condiciones Generales se regir\u00e1n por la legislaci\u00f3n espa\u00f1ola.<\/p>\n\n<p>EL TITULAR y el usuario, con renuncia expresa a cualquier otro fuero que pudiera corresponderles, se someten a la Jurisdicci\u00f3n de los Juzgados y Tribunales del domicilio del usuario para cuantas cuestiones pudieran suscitarse o acciones ejercitarse derivadas de la prestaci\u00f3n del servicio de la Web y de sus servicios y contenidos y sobre la interpretaci\u00f3n, aplicaci\u00f3n, cumplimiento. En caso de que el Usuario tenga su domicilio fuera de Espa\u00f1a, EL TITULAR y el Usuario, con renuncia expresa a cualquier otro fuero que pudiera corresponderles, se someten a la Jurisdicci\u00f3n de los Juzgados y Tribunales de Granollers (Barcelona).<br\/>MELLADO FABREGAS, EDUARD \u00a9 Todos los derechos reservados.<\/p>\n","protected":false},"excerpt":{"rendered":"<p>DATOS IDENTIFICATIVOS: En cumplimiento con el deber de informaci\u00f3n recogido en el art\u00edculo 10 de la Ley 34\/2002, de 11 de Julio, de Servicios de la Sociedad de la Informaci\u00f3n y del Comercio Electr\u00f3nico, a continuaci\u00f3n se reflejan los siguientes datos: la empresa titular de esta web es MELLADO FABREGAS, EDUARD, en adelante EL TITULAR [&hellip;]<\/p>\n","protected":false},"author":1,"featured_media":0,"parent":0,"menu_order":0,"comment_status":"closed","ping_status":"closed","template":"","meta":{"_et_pb_use_builder":"off","_et_pb_old_content":"","_et_gb_content_width":"","footnotes":""},"class_list":["post-776","page","type-page","status-publish","hentry"],"_links":{"self":[{"href":"https:\/\/www.fabregaspodolegs.cat\/es\/wp-json\/wp\/v2\/pages\/776","targetHints":{"allow":["GET"]}}],"collection":[{"href":"https:\/\/www.fabregaspodolegs.cat\/es\/wp-json\/wp\/v2\/pages"}],"about":[{"href":"https:\/\/www.fabregaspodolegs.cat\/es\/wp-json\/wp\/v2\/types\/page"}],"author":[{"embeddable":true,"href":"https:\/\/www.fabregaspodolegs.cat\/es\/wp-json\/wp\/v2\/users\/1"}],"replies":[{"embeddable":true,"href":"https:\/\/www.fabregaspodolegs.cat\/es\/wp-json\/wp\/v2\/comments?post=776"}],"version-history":[{"count":1,"href":"https:\/\/www.fabregaspodolegs.cat\/es\/wp-json\/wp\/v2\/pages\/776\/revisions"}],"predecessor-version":[{"id":777,"href":"https:\/\/www.fabregaspodolegs.cat\/es\/wp-json\/wp\/v2\/pages\/776\/revisions\/777"}],"wp:attachment":[{"href":"https:\/\/www.fabregaspodolegs.cat\/es\/wp-json\/wp\/v2\/media?parent=776"}],"curies":[{"name":"wp","href":"https:\/\/api.w.org\/{rel}","templated":true}]}}