{"id":765,"date":"2025-06-09T11:18:21","date_gmt":"2025-06-09T09:18:21","guid":{"rendered":"http:\/\/www.fabregaspodolegs.cat\/quienes-somos"},"modified":"2025-08-27T11:47:15","modified_gmt":"2025-08-27T09:47:15","slug":"quienes-somos","status":"publish","type":"page","link":"https:\/\/www.fabregaspodolegs.cat\/es\/quienes-somos","title":{"rendered":"Qui\u00e9nes somos"},"content":{"rendered":"<p>[et_pb_section fb_built=\u00bb1&#8243; custom_padding_last_edited=\u00bbon|phone\u00bb _builder_version=\u00bb4.27.4&#8243; _module_preset=\u00bbdefault\u00bb custom_padding_tablet=\u00bb\u00bb custom_padding_phone=\u00bb0px||30px||false|false\u00bb global_colors_info=\u00bb{}\u00bb][et_pb_row custom_padding_last_edited=\u00bbon|phone\u00bb _builder_version=\u00bb4.27.4&#8243; _module_preset=\u00bbdefault\u00bb custom_padding_tablet=\u00bb\u00bb custom_padding_phone=\u00bb||0px||false|false\u00bb global_colors_info=\u00bb{}\u00bb][et_pb_column type=\u00bb4_4&#8243; _builder_version=\u00bb4.27.4&#8243; _module_preset=\u00bbdefault\u00bb global_colors_info=\u00bb{}\u00bb][et_pb_cta title=\u00bbQui\u00e9nes somos\u00bb _builder_version=\u00bb4.27.4&#8243; _module_preset=\u00bbdefault\u00bb header_level=\u00bbh1&#8243; header_font=\u00bb|700|||||||\u00bb hover_enabled=\u00bb0&#8243; global_colors_info=\u00bb{}\u00bb admin_label=\u00bbCall To Action\u00bb sticky_enabled=\u00bb0&#8243;]<\/p>\n<h3><em>Eduard Mellado F\u00e0bregas<\/em><\/h3>\n<p>[\/et_pb_cta][\/et_pb_column][\/et_pb_row][et_pb_row column_structure=\u00bb1_2,1_2&#8243; custom_padding_last_edited=\u00bbon|phone\u00bb disabled_on=\u00bboff|off|on\u00bb module_class=\u00bbimg-superposada row-mobile\u00bb _builder_version=\u00bb4.27.4&#8243; _module_preset=\u00bbdefault\u00bb background_enable_image=\u00bboff\u00bb background_size=\u00bbcustom\u00bb background_image_width=\u00bb70%\u00bb background_position=\u00bbcenter_left\u00bb max_width_tablet=\u00bb\u00bb max_width_phone=\u00bb\u00bb max_width_last_edited=\u00bbon|phone\u00bb module_alignment=\u00bbcenter\u00bb custom_margin_tablet=\u00bb0px||||false|false\u00bb custom_margin_phone=\u00bb0px||||false|false\u00bb custom_margin_last_edited=\u00bbon|phone\u00bb custom_padding=\u00bb120px||120px||true|false\u00bb custom_padding_tablet=\u00bb0px||0px||true|false\u00bb custom_padding_phone=\u00bb0px||0px||true|false\u00bb hover_enabled=\u00bb0&#8243; background_last_edited=\u00bbon|desktop\u00bb global_colors_info=\u00bb{}\u00bb sticky_enabled=\u00bb0&#8243;][et_pb_column type=\u00bb1_2&#8243; _builder_version=\u00bb4.27.4&#8243; _module_preset=\u00bbdefault\u00bb global_colors_info=\u00bb{}\u00bb][et_pb_image src=\u00bbhttps:\/\/www.fabregaspodolegs.cat\/wp-content\/uploads\/2025\/08\/eduard-mellado-bicicleta-fabregas-podolegs-1.jpg\u00bb title_text=\u00bbeduard-mellado-bicicleta-fabregas-podolegs\u00bb disabled_on=\u00bboff|off|on\u00bb _builder_version=\u00bb4.27.4&#8243; _module_preset=\u00bbdefault\u00bb hover_enabled=\u00bb0&#8243; global_colors_info=\u00bb{}\u00bb alt=\u00bbeduard-mellado-bicicleta-fabregas-podolegs\u00bb sticky_enabled=\u00bb0&#8243;][\/et_pb_image][\/et_pb_column][et_pb_column type=\u00bb1_2&#8243; _builder_version=\u00bb4.27.4&#8243; _module_preset=\u00bbdefault\u00bb global_colors_info=\u00bb{}\u00bb][et_pb_blurb alt=\u00bbEduard-mellado-fabregas\u00bb _builder_version=\u00bb4.27.4&#8243; _module_preset=\u00bbd6759bef-f9a2-4985-89ef-bc929728067d\u00bb text_orientation=\u00bbleft\u00bb width=\u00bb110%\u00bb custom_padding=\u00bb30px|10px|20px|25px|false|false\u00bb global_colors_info=\u00bb{}\u00bb content_max_width__hover_enabled=\u00bbon|desktop\u00bb admin_label=\u00bbBlurb\u00bb]<\/p>\n<p><em>Colegiado n\u00fam. 838-08-1271<\/em><\/p>\n<p>Diplomado en Podolog\u00eda por la Universidad Aut\u00f3noma de Barcelona<\/p>\n<p>___________________________<\/p>\n<p>Especializado en <strong>podolog\u00eda deportiva <\/strong>y <strong>biomec\u00e1nica del ciclismo<\/strong><\/p>\n<p>[\/et_pb_blurb][\/et_pb_column][\/et_pb_row][et_pb_row column_structure=\u00bb1_2,1_2&#8243; custom_padding_last_edited=\u00bbon|phone\u00bb disabled_on=\u00bbon|on|off\u00bb module_class=\u00bbimg-superposada row-mobile\u00bb _builder_version=\u00bb4.27.4&#8243; _module_preset=\u00bbdefault\u00bb background_image=\u00bbhttps:\/\/www.fabregaspodolegs.cat\/wp-content\/uploads\/2025\/08\/eduard-mellado-bicicleta-fabregas-podolegs.jpg\u00bb background_size=\u00bbcustom\u00bb background_image_width=\u00bb70%\u00bb background_position=\u00bbcenter_left\u00bb max_width_tablet=\u00bb\u00bb max_width_phone=\u00bb\u00bb max_width_last_edited=\u00bbon|phone\u00bb module_alignment=\u00bbcenter\u00bb custom_margin_tablet=\u00bb\u00bb custom_margin_phone=\u00bb0px||||false|false\u00bb custom_margin_last_edited=\u00bbon|phone\u00bb custom_padding=\u00bb120px||120px||true|false\u00bb custom_padding_tablet=\u00bb120px||120px||true|false\u00bb custom_padding_phone=\u00bb0px||0px||true|false\u00bb hover_enabled=\u00bb0&#8243; background_last_edited=\u00bbon|desktop\u00bb global_colors_info=\u00bb{}\u00bb sticky_enabled=\u00bb0&#8243; admin_label=\u00bbRow\u00bb][et_pb_column type=\u00bb1_2&#8243; _builder_version=\u00bb4.27.4&#8243; _module_preset=\u00bbdefault\u00bb global_colors_info=\u00bb{}\u00bb][\/et_pb_column][et_pb_column type=\u00bb1_2&#8243; _builder_version=\u00bb4.27.4&#8243; _module_preset=\u00bbdefault\u00bb global_colors_info=\u00bb{}\u00bb][et_pb_blurb alt=\u00bbEduard-mellado-fabregas\u00bb _builder_version=\u00bb4.27.4&#8243; _module_preset=\u00bbd6759bef-f9a2-4985-89ef-bc929728067d\u00bb text_orientation=\u00bbleft\u00bb width=\u00bb110%\u00bb custom_padding=\u00bb30px|10px|20px|25px|false|false\u00bb global_colors_info=\u00bb{}\u00bb content_max_width__hover_enabled=\u00bbon|desktop\u00bb]<\/p>\n<p><em>Colegiado n\u00fam. 838-08-1271<\/em><\/p>\n<p>Diplomado en Podolog\u00eda por la Universidad Aut\u00f3noma de Barcelona<\/p>\n<p>___________________________<\/p>\n<p>Especializado en <strong>podolog\u00eda deportiva <\/strong>y <strong>biomec\u00e1nica del ciclismo<\/strong><\/p>\n<p>[\/et_pb_blurb][\/et_pb_column][\/et_pb_row][et_pb_row column_structure=\u00bb3_4,1_4&#8243; custom_padding_last_edited=\u00bbon|phone\u00bb _builder_version=\u00bb4.27.4&#8243; _module_preset=\u00bbdefault\u00bb custom_margin_tablet=\u00bb\u00bb custom_margin_phone=\u00bb\u00bb custom_margin_last_edited=\u00bbon|phone\u00bb custom_padding_tablet=\u00bb\u00bb custom_padding_phone=\u00bb||0px||false|false\u00bb global_colors_info=\u00bb{}\u00bb][et_pb_column type=\u00bb3_4&#8243; _builder_version=\u00bb4.27.4&#8243; _module_preset=\u00bbdefault\u00bb global_colors_info=\u00bb{}\u00bb][et_pb_text _builder_version=\u00bb4.27.4&#8243; _module_preset=\u00bbdefault\u00bb global_colors_info=\u00bb{}\u00bb]<\/p>\n<p>Con una trayectoria consolidada y una vocaci\u00f3n profunda por la salud de los pies, Eduard Mellado F\u00e0bregas lidera a F\u00e0bregas Pod\u00f3logos como profesional \u00fanico de la consulta. Su formaci\u00f3n acad\u00e9mica en la Universidad Aut\u00f3noma de Barcelona y su especializaci\u00f3n en podolog\u00eda deportiva y biomec\u00e1nica del ciclismo le permiten ofrecer un servicio personalizado y de alta calidad. Durante los \u00faltimos a\u00f1os se ha ampliado sus conocimientos en diferentes \u00e1mbitos de la podolog\u00eda mediante cursos especializados acreditados por el Colegio Oficial de Pod\u00f3logos de Catalu\u00f1a.<\/p>\n<p>Entre las formaciones realizadas destacan:<\/p>\n<ul>\n<li>An\u00e1lisis de v\u00eddeo 2D de la marcha humana<\/li>\n<li>Actualizaci\u00f3n en podolog\u00eda infantil<\/li>\n<li>Reunificaci\u00f3n te\u00f3rica biomec\u00e1nica aplicada a la pr\u00e1ctica cl\u00ednica<\/li>\n<li>Patolog\u00eda deportiva de las extremidades inferiores: del diagn\u00f3stico en la interrelaci\u00f3n cl\u00ednica<\/li>\n<\/ul>\n<p>Estos conocimientos complementan su pr\u00e1ctica diaria y le permiten ofrecer una atenci\u00f3n precisa, personalizada y basada en una visi\u00f3n moderna e integradora de la salud podol\u00f3gica.<\/p>\n<p>Su pr\u00e1ctica se basa en la m\u00ednima intervenci\u00f3n, priorizando siempre el bienestar del paciente y adaptando los tratamientos a las necesidades individuales. Con una atenci\u00f3n cercana y un seguimiento esmerado, Eduard se compromete a ofrecer soluciones efectivas para una amplia gama de condiciones podol\u00f3gicas.<\/p>\n<p>Adem\u00e1s de su especializaci\u00f3n en el \u00e1mbito deportivo, atiende a pacientes de todas las edades, ofreciendo servicios que van desde la podolog\u00eda infantil hasta la geri\u00e1trica, pasando por la prevenci\u00f3n y tratamiento del pie diab\u00e9tico, entre otros.<\/p>\n<p>[\/et_pb_text][\/et_pb_column][et_pb_column type=\u00bb1_4&#8243; _builder_version=\u00bb4.27.4&#8243; _module_preset=\u00bbdefault\u00bb global_colors_info=\u00bb{}\u00bb][\/et_pb_column][\/et_pb_row][\/et_pb_section]<\/p>\n","protected":false},"excerpt":{"rendered":"<p>Eduard Mellado F\u00e0bregasColegiado n\u00fam. 838-08-1271 Diplomado en Podolog\u00eda por la Universidad Aut\u00f3noma de Barcelona ___________________________ Especializado en podolog\u00eda deportiva y biomec\u00e1nica del ciclismoColegiado n\u00fam. 838-08-1271 Diplomado en Podolog\u00eda por la Universidad Aut\u00f3noma de Barcelona ___________________________ Especializado en podolog\u00eda deportiva y biomec\u00e1nica del ciclismoCon una trayectoria consolidada y una vocaci\u00f3n profunda por la salud de los [&hellip;]<\/p>\n","protected":false},"author":1,"featured_media":0,"parent":0,"menu_order":0,"comment_status":"closed","ping_status":"closed","template":"","meta":{"_et_pb_use_builder":"on","_et_pb_old_content":"","_et_gb_content_width":"","footnotes":""},"class_list":["post-765","page","type-page","status-publish","hentry"],"_links":{"self":[{"href":"https:\/\/www.fabregaspodolegs.cat\/es\/wp-json\/wp\/v2\/pages\/765","targetHints":{"allow":["GET"]}}],"collection":[{"href":"https:\/\/www.fabregaspodolegs.cat\/es\/wp-json\/wp\/v2\/pages"}],"about":[{"href":"https:\/\/www.fabregaspodolegs.cat\/es\/wp-json\/wp\/v2\/types\/page"}],"author":[{"embeddable":true,"href":"https:\/\/www.fabregaspodolegs.cat\/es\/wp-json\/wp\/v2\/users\/1"}],"replies":[{"embeddable":true,"href":"https:\/\/www.fabregaspodolegs.cat\/es\/wp-json\/wp\/v2\/comments?post=765"}],"version-history":[{"count":26,"href":"https:\/\/www.fabregaspodolegs.cat\/es\/wp-json\/wp\/v2\/pages\/765\/revisions"}],"predecessor-version":[{"id":1081,"href":"https:\/\/www.fabregaspodolegs.cat\/es\/wp-json\/wp\/v2\/pages\/765\/revisions\/1081"}],"wp:attachment":[{"href":"https:\/\/www.fabregaspodolegs.cat\/es\/wp-json\/wp\/v2\/media?parent=765"}],"curies":[{"name":"wp","href":"https:\/\/api.w.org\/{rel}","templated":true}]}}