{"id":36,"date":"2025-06-04T11:48:39","date_gmt":"2025-06-04T09:48:39","guid":{"rendered":"http:\/\/www.fabregaspodolegs.cat\/simple-page\/"},"modified":"2025-12-04T20:15:48","modified_gmt":"2025-12-04T19:15:48","slug":"simple-page","status":"publish","type":"page","link":"https:\/\/www.fabregaspodolegs.cat\/es","title":{"rendered":"Inicio"},"content":{"rendered":"<p>[et_pb_section fb_built=\u00bb1&#8243; custom_padding_last_edited=\u00bbon|phone\u00bb _builder_version=\u00bb4.27.4&#8243; _module_preset=\u00bbdefault\u00bb background_color=\u00bb#84CFC5&#8243; background_image=\u00bbhttps:\/\/www.fabregaspodolegs.cat\/wp-content\/uploads\/2025\/07\/fabregas-podolegs-imatge-portada.png\u00bb background_size=\u00bbcontain\u00bb background_blend=\u00bbmultiply\u00bb custom_padding=\u00bb20vh||20vh||true|false\u00bb custom_padding_tablet=\u00bb20vh||20vh||true|false\u00bb custom_padding_phone=\u00bb50px||50px||true|false\u00bb global_colors_info=\u00bb{}\u00bb][et_pb_row _builder_version=\u00bb4.27.4&#8243; _module_preset=\u00bbdefault\u00bb global_colors_info=\u00bb{}\u00bb][et_pb_column type=\u00bb4_4&#8243; _builder_version=\u00bb4.27.4&#8243; _module_preset=\u00bbdefault\u00bb global_colors_info=\u00bb{}\u00bb][et_pb_text module_class=\u00bbtitol-home\u00bb _builder_version=\u00bb4.27.4&#8243; _module_preset=\u00bbdefault\u00bb header_font=\u00bb|600|||||||\u00bb header_font_size=\u00bb90px\u00bb header_line_height=\u00bb0.5em\u00bb header_2_font=\u00bb|300|||||||\u00bb header_2_text_color=\u00bb#FFFFFF\u00bb header_2_font_size=\u00bb66px\u00bb background_layout=\u00bbdark\u00bb header_font_size_tablet=\u00bb90px\u00bb header_font_size_phone=\u00bb75px\u00bb header_font_size_last_edited=\u00bbon|phone\u00bb header_line_height_tablet=\u00bb0.5em\u00bb header_line_height_phone=\u00bb1.5em\u00bb header_line_height_last_edited=\u00bbon|phone\u00bb global_colors_info=\u00bb{}\u00bb]<\/p>\n<h1>F\u00e0bregas<\/h1>\n<h2><em>Pod\u00f2legs<\/em><\/h2>\n<p>[\/et_pb_text][\/et_pb_column][\/et_pb_row][\/et_pb_section][et_pb_section fb_built=\u00bb1&#8243; custom_padding_last_edited=\u00bbon|phone\u00bb _builder_version=\u00bb4.27.4&#8243; _module_preset=\u00bbdefault\u00bb custom_padding_tablet=\u00bb\u00bb custom_padding_phone=\u00bb15px||0px||false|false\u00bb global_colors_info=\u00bb{}\u00bb][et_pb_row _builder_version=\u00bb4.27.4&#8243; _module_preset=\u00bbdefault\u00bb custom_margin=\u00bb|auto|-1px|auto||\u00bb global_colors_info=\u00bb{}\u00bb][et_pb_column type=\u00bb4_4&#8243; _builder_version=\u00bb4.27.4&#8243; _module_preset=\u00bbdefault\u00bb global_colors_info=\u00bb{}\u00bb][et_pb_cta button_url=\u00bbhttps:\/\/www.fabregaspodolegs.cat\/es\/servicios#cita\u00bb button_text=\u00bbReserva cita\u00bb _builder_version=\u00bb4.27.4&#8243; _module_preset=\u00bb_initial\u00bb custom_margin=\u00bb|0px|||false|false\u00bb global_colors_info=\u00bb{}\u00bb]<\/p>\n<h2><strong>La salud de tus pies<\/strong><\/h2>\n<p>Somos una consulta de podolog\u00eda con una larga trayectoria familiar en Granollers. Durante m\u00e1s de medio siglo hemos cuidado la salud de los pies de generaciones de pacientes con un enfoque basado en el respeto, la m\u00ednima intervenci\u00f3n y la atenci\u00f3n personalizada.<\/p>\n<p>Trabajamos con rigor, vocaci\u00f3n y compromiso por ofrecer un servicio de calidad, honesto y adaptado a cada persona. Nuestro equipo est\u00e1 formado por profesionales con experiencia y formaci\u00f3n continua, que entienden la podolog\u00eda como una disciplina de salud global.[\/et_pb_cta][\/et_pb_column][\/et_pb_row][\/et_pb_section][et_pb_section fb_built=\u00bb1&#8243; custom_padding_last_edited=\u00bbon|phone\u00bb _builder_version=\u00bb4.27.4&#8243; _module_preset=\u00bbdefault\u00bb custom_padding_tablet=\u00bb\u00bb custom_padding_phone=\u00bb0px||0px||false|false\u00bb global_colors_info=\u00bb{}\u00bb][et_pb_row _builder_version=\u00bb4.27.4&#8243; _module_preset=\u00bbdefault\u00bb global_colors_info=\u00bb{}\u00bb][et_pb_column type=\u00bb4_4&#8243; _builder_version=\u00bb4.27.4&#8243; _module_preset=\u00bbdefault\u00bb global_colors_info=\u00bb{}\u00bb][et_pb_cta title=\u00bbNuestros servicios\u00bb button_url=\u00bbhttps:\/\/www.fabregaspodolegs.cat\/es\/servicio\u00bb button_text=\u00bbDescubre todos los servicios\u00bb _builder_version=\u00bb4.27.4&#8243; _module_preset=\u00bbdefault\u00bb header_font=\u00bb|600|||||||\u00bb button_alignment=\u00bbleft\u00bb global_colors_info=\u00bb{}\u00bb]<\/p>\n<p>Acompa\u00f1amos cada paso con una atenci\u00f3n esmerada y adaptada a cada caso.<br \/>Ofrecemos un abanico completo de servicios podol\u00f3gicos:<\/p>\n<p>[\/et_pb_cta][dipi_carousel container_padding=\u00bb0px|0px|0px|0px|false|false\u00bb loop_wide=\u00bbon\u00bb autoplay_wide=\u00bbon\u00bb pause_on_hover_wide=\u00bbon\u00bb show_lightbox=\u00bboff\u00bb navigation=\u00bbon\u00bb navigation_prev_icon_yn=\u00bbon\u00bb navigation_prev_icon=\u00bb&#x34;||divi||400&#8243; navigation_next_icon_yn=\u00bbon\u00bb navigation_next_icon=\u00bb&#x35;||divi||400&#8243; navigation_size=\u00bb50&#8243; navigation_padding=\u00bb80&#8243; navigation_color=\u00bb#1E9A8B\u00bb navigation_position_left=\u00bb-100px\u00bb navigation_position_right=\u00bb-100px\u00bb pagination_active_color=\u00bb#1E9A8B\u00bb _builder_version=\u00bb4.27.4&#8243; _module_preset=\u00bbdefault\u00bb title_font=\u00bb|||on|||||\u00bb title_line_height=\u00bb1em\u00bb border_color_all_item=\u00bb#1E9A8B\u00bb global_colors_info=\u00bb{}\u00bb][dipi_carousel_child label=\u00bbEstudi biomec\u00e0nic\u00bb img_src=\u00bbhttps:\/\/www.fabregaspodolegs.cat\/wp-content\/uploads\/2025\/07\/estudi-biomecanic.jpg\u00bb title_text=\u00bbEstudio biomec\u00e1nico\u00bb _builder_version=\u00bb4.27.4&#8243; _module_preset=\u00bbdefault\u00bb title_font=\u00bb|700|||||||\u00bb title_text_color=\u00bb#FFFFFF\u00bb background_color=\u00bb#312F38&#8243; background_enable_color=\u00bbon\u00bb link_option_url=\u00bbhttps:\/\/www.fabregaspodolegs.cat\/es\/servicios#biomecanic\u00bb global_colors_info=\u00bb{}\u00bb][\/dipi_carousel_child][dipi_carousel_child label=\u00bbPodologia infantil i pedi\u00e0trica\u00bb img_src=\u00bbhttps:\/\/www.fabregaspodolegs.cat\/wp-content\/uploads\/2025\/07\/podologia-infantil-i-geriatrica-fabregas-podolegs.jpg\u00bb title_text=\u00bbPodolog\u00eda infantil y pedi\u00e1trica\u00bb _builder_version=\u00bb4.27.4&#8243; _module_preset=\u00bbdefault\u00bb title_font=\u00bb|700|||||||\u00bb title_text_color=\u00bb#FFFFFF\u00bb background_color=\u00bb#312F38&#8243; background_enable_color=\u00bbon\u00bb link_option_url=\u00bbhttps:\/\/www.fabregaspodolegs.cat\/serveis#pediatrica\u00bb global_colors_info=\u00bb{}\u00bb][\/dipi_carousel_child][dipi_carousel_child label=\u00bbPodologia geri\u00e0trica\u00bb img_src=\u00bbhttps:\/\/www.fabregaspodolegs.cat\/wp-content\/uploads\/2025\/07\/podologia-geriatrica-fabregas-podolegs.jpg\u00bb title_text=\u00bbPodolog\u00eda geri\u00e1trica\u00bb _builder_version=\u00bb4.27.4&#8243; _module_preset=\u00bbdefault\u00bb title_font=\u00bb|700|||||||\u00bb title_text_color=\u00bb#FFFFFF\u00bb background_color=\u00bb#312F38&#8243; background_enable_color=\u00bbon\u00bb link_option_url=\u00bbhttps:\/\/www.fabregaspodolegs.cat\/serveis#geriatrica\u00bb global_colors_info=\u00bb{}\u00bb][\/dipi_carousel_child][dipi_carousel_child label=\u00bbPodologia laboral\u00bb img_src=\u00bbhttps:\/\/www.fabregaspodolegs.cat\/wp-content\/uploads\/2025\/07\/peu-laboral.jpg\u00bb alt=\u00bbpeu laboral\u00bb title_text=\u00bbPodolog\u00eda laboral\u00bb _builder_version=\u00bb4.27.4&#8243; _module_preset=\u00bbdefault\u00bb title_font=\u00bb|700|||||||\u00bb title_text_color=\u00bb#FFFFFF\u00bb background_color=\u00bb#312F38&#8243; background_enable_color=\u00bbon\u00bb link_option_url=\u00bbhttps:\/\/www.fabregaspodolegs.cat\/serveis#laboral\u00bb global_colors_info=\u00bb{}\u00bb][\/dipi_carousel_child][dipi_carousel_child label=\u00bbAlteracions dermatol\u00f2giques\u00bb img_src=\u00bbhttps:\/\/www.fabregaspodolegs.cat\/wp-content\/uploads\/2025\/07\/alteracions-dermatologiques.jpg\u00bb alt=\u00bbalteracions dermatol\u00f2giques f\u00e0bregas\u00bb title_text=\u00bbAlteraciones dermatol\u00f3gicas\u00bb _builder_version=\u00bb4.27.4&#8243; _module_preset=\u00bbdefault\u00bb title_font=\u00bb|700|||||||\u00bb title_text_color=\u00bb#FFFFFF\u00bb background_color=\u00bb#312F38&#8243; background_enable_color=\u00bbon\u00bb link_option_url=\u00bbhttps:\/\/www.fabregaspodolegs.cat\/serveis#dermatologiques\u00bb global_colors_info=\u00bb{}\u00bb][\/dipi_carousel_child][dipi_carousel_child label=\u00bbPodologia esportiva\u00bb img_src=\u00bbhttps:\/\/www.fabregaspodolegs.cat\/wp-content\/uploads\/2025\/07\/peu-esportiu.jpg\u00bb alt=\u00bbpeu esportiu f\u00e0bregas\u00bb title_text=\u00bbPodolog\u00eda deportiva\u00bb _builder_version=\u00bb4.27.4&#8243; _module_preset=\u00bbdefault\u00bb title_font=\u00bb|700|||||||\u00bb title_text_color=\u00bb#FFFFFF\u00bb background_color=\u00bb#312F38&#8243; background_enable_color=\u00bbon\u00bb link_option_url=\u00bbhttps:\/\/www.fabregaspodolegs.cat\/serveis#esportiva\u00bb global_colors_info=\u00bb{}\u00bb][\/dipi_carousel_child][dipi_carousel_child label=\u00bbOrtopodologia i ortop\u00e8dia\u00bb img_src=\u00bbhttps:\/\/www.fabregaspodolegs.cat\/wp-content\/uploads\/2025\/07\/ortopodologia-i-ortopedia.jpg\u00bb alt=\u00bbrevisi\u00f3 ortop\u00e8dia f\u00e0bregas pod\u00f2legs\u00bb title_text=\u00bbOrtopodolog\u00eda y ortopedia\u00bb _builder_version=\u00bb4.27.4&#8243; _module_preset=\u00bbdefault\u00bb title_font=\u00bb|700|||||||\u00bb title_text_color=\u00bb#FFFFFF\u00bb background_color=\u00bb#312F38&#8243; background_enable_color=\u00bbon\u00bb link_option_url=\u00bbhttps:\/\/www.fabregaspodolegs.cat\/serveis#ortopedia\u00bb global_colors_info=\u00bb{}\u00bb][\/dipi_carousel_child][\/dipi_carousel][\/et_pb_column][\/et_pb_row][\/et_pb_section][et_pb_section fb_built=\u00bb1&#8243; custom_padding_last_edited=\u00bbon|phone\u00bb _builder_version=\u00bb4.27.4&#8243; _module_preset=\u00bbdefault\u00bb custom_margin_tablet=\u00bb\u00bb custom_margin_phone=\u00bb0px||||false|false\u00bb custom_margin_last_edited=\u00bbon|phone\u00bb custom_padding_tablet=\u00bb\u00bb custom_padding_phone=\u00bb0px||0px||false|false\u00bb global_colors_info=\u00bb{}\u00bb][et_pb_row column_structure=\u00bb1_2,1_2&#8243; custom_padding_last_edited=\u00bbon|phone\u00bb module_class=\u00bbimg-superposada\u00bb _builder_version=\u00bb4.27.4&#8243; _module_preset=\u00bbdefault\u00bb background_image=\u00bbhttps:\/\/www.fabregaspodolegs.cat\/wp-content\/uploads\/2025\/07\/estudi-biomecanic-prevencio-rendiment-fabregas-podolegs.jpg\u00bb background_size=\u00bbcontain\u00bb background_position=\u00bbcenter_left\u00bb module_alignment=\u00bbcenter\u00bb custom_margin_tablet=\u00bb\u00bb custom_margin_phone=\u00bb0px||||false|false\u00bb custom_margin_last_edited=\u00bbon|phone\u00bb custom_padding=\u00bb60px||60px||true|false\u00bb custom_padding_tablet=\u00bb60px||60px||true|false\u00bb custom_padding_phone=\u00bb0px||30px||false|false\u00bb global_colors_info=\u00bb{}\u00bb][et_pb_column type=\u00bb1_2&#8243; _builder_version=\u00bb4.27.4&#8243; _module_preset=\u00bbdefault\u00bb global_colors_info=\u00bb{}\u00bb][\/et_pb_column][et_pb_column type=\u00bb1_2&#8243; _builder_version=\u00bb4.27.4&#8243; _module_preset=\u00bbdefault\u00bb global_colors_info=\u00bb{}\u00bb][et_pb_cta title=\u00bbEstudio biomec\u00e1nico\u00bb button_url=\u00bbhttps:\/\/www.fabregaspodolegs.cat\/es\/servicios#biomecanic\u00bb button_text=\u00bbSaber m\u00e1s sobre el estudio biomec\u00e1nico\u00bb _builder_version=\u00bb4.27.4&#8243; _module_preset=\u00bb1c50ca7b-65dd-4d5d-acdf-8de77304982e\u00bb background_color=\u00bb#167d70&#8243; custom_button=\u00bboff\u00bb module_alignment=\u00bbright\u00bb global_colors_info=\u00bb{}\u00bb]<\/p>\n<h3><em>Prevenci\u00f3n, rendimiento y salud en cada paso<\/em><\/h3>\n<p>El estudio biomec\u00e1nico es una de las pruebas m\u00e1s completas para entender c\u00f3mo caminamos, c\u00f3mo impactamos el suelo y c\u00f3mo podemos evitar lesiones o sobrecargas.<\/p>\n<p><strong>Es especialmente recomendable para:<\/strong><\/p>\n<p>&#8211; Personas con dolores recurrentes en los pies, rodillas o caderas<br \/>&#8211; Deportistas que desean mejorar su t\u00e9cnica y evitar lesiones<br \/>&#8211; Trabajadores que pasan muchas horas de pie<br \/>&#8211; Pacientes con necesidades ortop\u00e9dicas o plantillas<\/p>\n<p>Mediante herramientas de an\u00e1lisis informatizado, grabaci\u00f3n de la marcha y exploraci\u00f3n cl\u00ednica, ofrecemos una valoraci\u00f3n precisa y un plan personalizado.<\/p>\n<p>[\/et_pb_cta][\/et_pb_column][\/et_pb_row][\/et_pb_section][et_pb_section fb_built=\u00bb1&#8243; custom_padding_last_edited=\u00bbon|phone\u00bb module_class=\u00bbrow-mobile\u00bb _builder_version=\u00bb4.27.4&#8243; _module_preset=\u00bbdefault\u00bb custom_padding_tablet=\u00bb\u00bb custom_padding_phone=\u00bb0px||15px||false|false\u00bb global_colors_info=\u00bb{}\u00bb][et_pb_row column_structure=\u00bb3_5,2_5&#8243; module_class=\u00bbcinquanta-anys\u00bb _builder_version=\u00bb4.27.4&#8243; _module_preset=\u00bbdefault\u00bb global_colors_info=\u00bb{}\u00bb][et_pb_column type=\u00bb3_5&#8243; _builder_version=\u00bb4.27.4&#8243; _module_preset=\u00bbdefault\u00bb global_colors_info=\u00bb{}\u00bb][et_pb_cta title=\u00bbMedio siglo de compromiso\u00bb button_text=\u00bbClick Here\u00bb _builder_version=\u00bb4.27.4&#8243; _module_preset=\u00bb841143c7-c880-476c-8d87-9e298afb168d\u00bb header_font=\u00bb|700|||||||\u00bb custom_margin=\u00bb||-1px||false|false\u00bb global_colors_info=\u00bb{}\u00bb]<\/p>\n<h3><em>50 a\u00f1os caminando a tu lado<\/em><\/h3>\n<p>Este a\u00f1o celebramos 50 a\u00f1os de nuestra consulta.<br \/>Un hito que no solo representa tiempo, sino tambi\u00e9n experiencia acumulada, cientos de pacientes atendidos, y una forma de hacer las cosas que hemos mantenido intacta desde el primer d\u00eda: escuchar, cuidar y actuar con rigor y respeto.<\/p>\n<p>Desde sus inicios, F\u00e0bregas Pod\u00f2legs ha sido un proyecto familiar, arraigado en Granollers y comprometido con la salud de los pies de todas las generaciones. Con el paso del tiempo, hemos crecido, evolucionado y adaptado a nuevos conocimientos y tecnolog\u00edas, pero siempre con la misma filosof\u00eda: ofrecer una podolog\u00eda honesta, \u00e9tica y personalizada.<\/p>\n<p>Este aniversario nos reafirma como consulta de referencia, con una continuidad generacional que asegura el equilibrio entre la experiencia y la renovaci\u00f3n. Compartimos el oficio, pero tambi\u00e9n una forma de entender la profesi\u00f3n: intervenir cuando es necesario, prevenir siempre y priorizar la calidad de vida de nuestros pacientes por delante de cualquier otra cosa.<\/p>\n<p>Durante estos 50 a\u00f1os hemos tenido el privilegio de ver c\u00f3mo muchas familias confiaban en nosotros generaci\u00f3n tras generaci\u00f3n. Hemos atendido a ni\u00f1os que ahora llevan a sus propios hijos a la consulta. Hemos compartido la vida cotidiana con personas que nos han dado confianza toda una vida.<br \/>Este v\u00ednculo humano es el que da sentido a nuestro trabajo.<\/p>\n<p>[\/et_pb_cta][et_pb_cta _builder_version=\u00bb4.27.4&#8243; _module_preset=\u00bb841143c7-c880-476c-8d87-9e298afb168d\u00bb header_font=\u00bb|700|||||||\u00bb custom_margin=\u00bb||-1px||false|false\u00bb hover_enabled=\u00bb0&#8243; global_colors_info=\u00bb{}\u00bb sticky_enabled=\u00bb0&#8243;]<\/p>\n<h3><span style=\"color: #167d70;\">Este v\u00ednculo humano es el que da sentido a nuestro trabajo.<\/span><\/h3>\n<p>[\/et_pb_cta][\/et_pb_column][et_pb_column type=\u00bb2_5&#8243; _builder_version=\u00bb4.27.4&#8243; _module_preset=\u00bbdefault\u00bb global_colors_info=\u00bb{}\u00bb][et_pb_image src=\u00bbhttps:\/\/www.fabregaspodolegs.cat\/wp-content\/uploads\/2025\/07\/50-aniversari-fabregas-podolegs.svg\u00bb title_text=\u00bb50-aniversari-fa\u0300bregas-podo\u0300legs\u00bb _builder_version=\u00bb4.27.4&#8243; _module_preset=\u00bbdefault\u00bb width_tablet=\u00bb\u00bb width_phone=\u00bb\u00bb width_last_edited=\u00bbon|phone\u00bb max_width=\u00bb65%\u00bb module_alignment_tablet=\u00bb\u00bb module_alignment_phone=\u00bbcenter\u00bb module_alignment_last_edited=\u00bbon|phone\u00bb global_colors_info=\u00bb{}\u00bb][\/et_pb_image][\/et_pb_column][\/et_pb_row][\/et_pb_section]<\/p>\n","protected":false},"excerpt":{"rendered":"<p>F\u00e0bregas Pod\u00f2legsLa salud de tus pies Somos una consulta de podolog\u00eda con una larga trayectoria familiar en Granollers. Durante m\u00e1s de medio siglo hemos cuidado la salud de los pies de generaciones de pacientes con un enfoque basado en el respeto, la m\u00ednima intervenci\u00f3n y la atenci\u00f3n personalizada. Trabajamos con rigor, vocaci\u00f3n y compromiso por [&hellip;]<\/p>\n","protected":false},"author":1,"featured_media":0,"parent":0,"menu_order":0,"comment_status":"closed","ping_status":"closed","template":"","meta":{"_et_pb_use_builder":"on","_et_pb_old_content":"","_et_gb_content_width":"","footnotes":""},"class_list":["post-36","page","type-page","status-publish","hentry"],"_links":{"self":[{"href":"https:\/\/www.fabregaspodolegs.cat\/es\/wp-json\/wp\/v2\/pages\/36","targetHints":{"allow":["GET"]}}],"collection":[{"href":"https:\/\/www.fabregaspodolegs.cat\/es\/wp-json\/wp\/v2\/pages"}],"about":[{"href":"https:\/\/www.fabregaspodolegs.cat\/es\/wp-json\/wp\/v2\/types\/page"}],"author":[{"embeddable":true,"href":"https:\/\/www.fabregaspodolegs.cat\/es\/wp-json\/wp\/v2\/users\/1"}],"replies":[{"embeddable":true,"href":"https:\/\/www.fabregaspodolegs.cat\/es\/wp-json\/wp\/v2\/comments?post=36"}],"version-history":[{"count":60,"href":"https:\/\/www.fabregaspodolegs.cat\/es\/wp-json\/wp\/v2\/pages\/36\/revisions"}],"predecessor-version":[{"id":1270,"href":"https:\/\/www.fabregaspodolegs.cat\/es\/wp-json\/wp\/v2\/pages\/36\/revisions\/1270"}],"wp:attachment":[{"href":"https:\/\/www.fabregaspodolegs.cat\/es\/wp-json\/wp\/v2\/media?parent=36"}],"curies":[{"name":"wp","href":"https:\/\/api.w.org\/{rel}","templated":true}]}}